{"id":2597,"date":"2020-01-30T08:28:31","date_gmt":"2020-01-30T08:28:31","guid":{"rendered":"https:\/\/test.gigi.ee\/product\/gigi-acnon-triple-acid-rapid-wipes-30tk\/"},"modified":"2024-11-04T15:01:02","modified_gmt":"2024-11-04T15:01:02","slug":"gigi-acnon-triple-acid-rapid-wipes-30tk","status":"publish","type":"product","link":"https:\/\/test.gigi.ee\/ru\/koik-tooted\/dlya-professionalov\/acnon-pro\/gigi-acnon-triple-acid-rapid-wipes-30tk\/","title":{"rendered":"ACNON TRIPLE ACID RAPID WIPES 30TK"},"content":{"rendered":"<p>\u00d5livaba, tasakaalustatud pH-ga niisked salvr\u00e4tid \u00f5rnaks n\u00e4onaha puhastuseks ja liigse rasu eemaldamiseks. Salvr\u00e4tid sisaldavad piim-, salits\u00fc\u00fcl- ja mandelhapete mikrokompleksi, mis aitab nahalt koorida elutuid rakke ning eemaldada liigse rasu, mustuse ja sudu j\u00e4\u00e4gid. Pakend tagab steriilsuse ja toimeainete aktiivsuse. Salvr\u00e4tid puhastavad \u00f5rnalt nahka, p\u00e4rast kasutamist on nahk niisutatud ja l\u00f5\u00f5gastunud. Toode sobib rasusele ja kombineeritud nahale.<\/p>\n<p><strong>Kasutamine:<\/strong>\u00a0Puhastage \u00f5rnalt kogu n\u00e4gu, v\u00e4ltides kontakti silmadega. P\u00e4rast kasutamist ei pea n\u00e4gu loputama.<\/p>\n<p>DERMATOLOOGILISELT TESTITUD<\/p>\n<p>NB!\u00a0Retinoide sisaldavad kosmeetilised preparaadid aitavad v\u00e4hendada akneilminguid, kuid ravi algfaasis v\u00f5ivad ilmneda naha ketendus, \u00e4rritus ja punetus. K\u00f5rvaln\u00e4htude kestus v\u00f5ib ulatuda kuni \u00fche kuuni alates ravi algusest, kui nahk kohaneb retinoidide kasutamisega. Aknevastases sarjas AKNON on k\u00fcll kasutatud uue p\u00f5lvkonna granaktiivset retinooli, kuid see ei v\u00e4lista t\u00e4ielikult\u00a0 k\u00f5rvaln\u00e4htude tekkimise v\u00f5imalust, eriti f\u00fc\u00fcsilise koormuse koormuse korral, mis aktiveerib retinoidide toimet nahas.\u00a0K\u00f5ige t\u00f5en\u00e4olisem on k\u00f5rvaln\u00e4htude ilmnemise v\u00f5imalus nendel klientidel, kelle elustiiliga kaasneb igap\u00e4evane f\u00fc\u00fcsiline koormus v\u00f5i kellele on omane liighigistamine. Eeldada v\u00f5ib seda aga ka liiga kuiva sarvkihi korral. Esmaj\u00e4rjekorras v\u00f5ib siis pakkuda NMFs\u00fc gavniisutavatkarboks\u00fcteraapiat\u00a0karboks\u00fcteraapiat.<\/p>\n<p><strong>Koostis:\u00a0<\/strong>Water, Alcohol Denat, Glycolic Acid, Hamamelis Virginiana Leaf \u00a0Water, Aloe Barbadensis Leaf \u00a0Water, Lactic Acid, Salicylic Acid, Mandelic Acid, Fragrance.<\/p>\n","protected":false},"excerpt":{"rendered":"<p>\u00d5livaba, tasakaalustatud pH-ga niisked salvr\u00e4tid \u00f5rnaks n\u00e4onaha puhastuseks ja liigse rasu eemaldamiseks. Salvr\u00e4tid sisaldavad piim-, salits\u00fc\u00fcl- ja mandelhapete mikrokompleksi, mis aitab nahalt koorida elutuid rakke ning eemaldada liigse rasu, mustuse ja sudu j\u00e4\u00e4gid. Pakend tagab steriilsuse ja toimeainete aktiivsuse. Salvr\u00e4tid puhastavad \u00f5rnalt nahka, p\u00e4rast kasutamist on nahk niisutatud ja l\u00f5\u00f5gastunud. Toode sobib rasusele ja kombineeritud [&hellip;]<\/p>\n","protected":false},"featured_media":2568,"template":"","meta":[],"product_cat":[93,170,117,145],"product_tag":[],"class_list":{"0":"post-2597","1":"product","2":"type-product","3":"status-publish","4":"has-post-thumbnail","6":"product_cat-dlja-domashnego-polzovanija","7":"product_cat-acnon","8":"product_cat-dlya-professionalov","9":"product_cat-acnon-pro","11":"first","12":"instock","13":"shipping-taxable","14":"product-type-simple"},"yoast_head":"<!-- This site is optimized with the Yoast SEO plugin v23.8 - https:\/\/yoast.com\/wordpress\/plugins\/seo\/ -->\n<title>ACNON TRIPLE ACID RAPID WIPES 30TK - Dolores GIGI<\/title>\n<meta name=\"robots\" content=\"index, follow, max-snippet:-1, max-image-preview:large, max-video-preview:-1\" \/>\n<link rel=\"canonical\" href=\"https:\/\/test.gigi.ee\/ru\/koik-tooted\/dlya-professionalov\/acnon-pro\/gigi-acnon-triple-acid-rapid-wipes-30tk\/\" \/>\n<meta property=\"og:locale\" content=\"ru_RU\" \/>\n<meta property=\"og:type\" content=\"article\" \/>\n<meta property=\"og:title\" content=\"ACNON TRIPLE ACID RAPID WIPES 30TK - Dolores GIGI\" \/>\n<meta property=\"og:description\" content=\"\u00d5livaba, tasakaalustatud pH-ga niisked salvr\u00e4tid \u00f5rnaks n\u00e4onaha puhastuseks ja liigse rasu eemaldamiseks. Salvr\u00e4tid sisaldavad piim-, salits\u00fc\u00fcl- ja mandelhapete mikrokompleksi, mis aitab nahalt koorida elutuid rakke ning eemaldada liigse rasu, mustuse ja sudu j\u00e4\u00e4gid. Pakend tagab steriilsuse ja toimeainete aktiivsuse. Salvr\u00e4tid puhastavad \u00f5rnalt nahka, p\u00e4rast kasutamist on nahk niisutatud ja l\u00f5\u00f5gastunud. Toode sobib rasusele ja kombineeritud [&hellip;]\" \/>\n<meta property=\"og:url\" content=\"https:\/\/test.gigi.ee\/ru\/koik-tooted\/dlya-professionalov\/acnon-pro\/gigi-acnon-triple-acid-rapid-wipes-30tk\/\" \/>\n<meta property=\"og:site_name\" content=\"Dolores GIGI\" \/>\n<meta property=\"article:publisher\" content=\"https:\/\/www.facebook.com\/gigicosmeticeestis\/\" \/>\n<meta property=\"article:modified_time\" content=\"2024-11-04T15:01:02+00:00\" \/>\n<meta property=\"og:image\" content=\"https:\/\/test.gigi.ee\/wp-content\/uploads\/2020\/01\/ACNON_Triple_Acid_Rapid_Wipes_30_sht-1-500x500-1.jpg\" \/>\n\t<meta property=\"og:image:width\" content=\"500\" \/>\n\t<meta property=\"og:image:height\" content=\"500\" \/>\n\t<meta property=\"og:image:type\" content=\"image\/jpeg\" \/>\n<meta name=\"twitter:card\" content=\"summary_large_image\" \/>\n<meta name=\"twitter:label1\" content=\"\u041f\u0440\u0438\u043c\u0435\u0440\u043d\u043e\u0435 \u0432\u0440\u0435\u043c\u044f \u0434\u043b\u044f \u0447\u0442\u0435\u043d\u0438\u044f\" \/>\n\t<meta name=\"twitter:data1\" content=\"2 \u043c\u0438\u043d\u0443\u0442\u044b\" \/>\n<script type=\"application\/ld+json\" class=\"yoast-schema-graph\">{\"@context\":\"https:\/\/schema.org\",\"@graph\":[{\"@type\":\"WebPage\",\"@id\":\"https:\/\/test.gigi.ee\/ru\/koik-tooted\/dlya-professionalov\/acnon-pro\/gigi-acnon-triple-acid-rapid-wipes-30tk\/\",\"url\":\"https:\/\/test.gigi.ee\/ru\/koik-tooted\/dlya-professionalov\/acnon-pro\/gigi-acnon-triple-acid-rapid-wipes-30tk\/\",\"name\":\"ACNON TRIPLE ACID RAPID WIPES 30TK - Dolores GIGI\",\"isPartOf\":{\"@id\":\"https:\/\/test.gigi.ee\/#website\"},\"primaryImageOfPage\":{\"@id\":\"https:\/\/test.gigi.ee\/ru\/koik-tooted\/dlya-professionalov\/acnon-pro\/gigi-acnon-triple-acid-rapid-wipes-30tk\/#primaryimage\"},\"image\":{\"@id\":\"https:\/\/test.gigi.ee\/ru\/koik-tooted\/dlya-professionalov\/acnon-pro\/gigi-acnon-triple-acid-rapid-wipes-30tk\/#primaryimage\"},\"thumbnailUrl\":\"https:\/\/test.gigi.ee\/wp-content\/uploads\/2020\/01\/ACNON_Triple_Acid_Rapid_Wipes_30_sht-1-500x500-1.jpg\",\"datePublished\":\"2020-01-30T08:28:31+00:00\",\"dateModified\":\"2024-11-04T15:01:02+00:00\",\"breadcrumb\":{\"@id\":\"https:\/\/test.gigi.ee\/ru\/koik-tooted\/dlya-professionalov\/acnon-pro\/gigi-acnon-triple-acid-rapid-wipes-30tk\/#breadcrumb\"},\"inLanguage\":\"ru-RU\",\"potentialAction\":[{\"@type\":\"ReadAction\",\"target\":[\"https:\/\/test.gigi.ee\/ru\/koik-tooted\/dlya-professionalov\/acnon-pro\/gigi-acnon-triple-acid-rapid-wipes-30tk\/\"]}]},{\"@type\":\"ImageObject\",\"inLanguage\":\"ru-RU\",\"@id\":\"https:\/\/test.gigi.ee\/ru\/koik-tooted\/dlya-professionalov\/acnon-pro\/gigi-acnon-triple-acid-rapid-wipes-30tk\/#primaryimage\",\"url\":\"https:\/\/test.gigi.ee\/wp-content\/uploads\/2020\/01\/ACNON_Triple_Acid_Rapid_Wipes_30_sht-1-500x500-1.jpg\",\"contentUrl\":\"https:\/\/test.gigi.ee\/wp-content\/uploads\/2020\/01\/ACNON_Triple_Acid_Rapid_Wipes_30_sht-1-500x500-1.jpg\",\"width\":500,\"height\":500},{\"@type\":\"BreadcrumbList\",\"@id\":\"https:\/\/test.gigi.ee\/ru\/koik-tooted\/dlya-professionalov\/acnon-pro\/gigi-acnon-triple-acid-rapid-wipes-30tk\/#breadcrumb\",\"itemListElement\":[{\"@type\":\"ListItem\",\"position\":1,\"name\":\"Home\",\"item\":\"https:\/\/test.gigi.ee\/ru\/\"},{\"@type\":\"ListItem\",\"position\":2,\"name\":\"\u0412\u0441\u044f \u043f\u0440\u043e\u0434\u0443\u043a\u0446\u0438\u044f\",\"item\":\"https:\/\/test.gigi.ee\/ru\/koik-tooted\/\"},{\"@type\":\"ListItem\",\"position\":3,\"name\":\"ACNON TRIPLE ACID RAPID WIPES 30TK\"}]},{\"@type\":\"WebSite\",\"@id\":\"https:\/\/test.gigi.ee\/#website\",\"url\":\"https:\/\/test.gigi.ee\/\",\"name\":\"Dolores GIGI\",\"description\":\"GIGI tooted Eestis\",\"publisher\":{\"@id\":\"https:\/\/test.gigi.ee\/#organization\"},\"potentialAction\":[{\"@type\":\"SearchAction\",\"target\":{\"@type\":\"EntryPoint\",\"urlTemplate\":\"https:\/\/test.gigi.ee\/?s={search_term_string}\"},\"query-input\":{\"@type\":\"PropertyValueSpecification\",\"valueRequired\":true,\"valueName\":\"search_term_string\"}}],\"inLanguage\":\"ru-RU\"},{\"@type\":\"Organization\",\"@id\":\"https:\/\/test.gigi.ee\/#organization\",\"name\":\"Dolores O\u00dc\",\"url\":\"https:\/\/test.gigi.ee\/\",\"logo\":{\"@type\":\"ImageObject\",\"inLanguage\":\"ru-RU\",\"@id\":\"https:\/\/test.gigi.ee\/#\/schema\/logo\/image\/\",\"url\":\"https:\/\/test.gigi.ee\/wp-content\/uploads\/2019\/12\/index-removebg-preview.png\",\"contentUrl\":\"https:\/\/test.gigi.ee\/wp-content\/uploads\/2019\/12\/index-removebg-preview.png\",\"width\":225,\"height\":225,\"caption\":\"Dolores O\u00dc\"},\"image\":{\"@id\":\"https:\/\/test.gigi.ee\/#\/schema\/logo\/image\/\"},\"sameAs\":[\"https:\/\/www.facebook.com\/gigicosmeticeestis\/\",\"https:\/\/www.instagram.com\/dolorescosmetics\/\"]}]}<\/script>\n<!-- \/ Yoast SEO plugin. -->","yoast_head_json":{"title":"ACNON TRIPLE ACID RAPID WIPES 30TK - Dolores GIGI","robots":{"index":"index","follow":"follow","max-snippet":"max-snippet:-1","max-image-preview":"max-image-preview:large","max-video-preview":"max-video-preview:-1"},"canonical":"https:\/\/test.gigi.ee\/ru\/koik-tooted\/dlya-professionalov\/acnon-pro\/gigi-acnon-triple-acid-rapid-wipes-30tk\/","og_locale":"ru_RU","og_type":"article","og_title":"ACNON TRIPLE ACID RAPID WIPES 30TK - Dolores GIGI","og_description":"\u00d5livaba, tasakaalustatud pH-ga niisked salvr\u00e4tid \u00f5rnaks n\u00e4onaha puhastuseks ja liigse rasu eemaldamiseks. Salvr\u00e4tid sisaldavad piim-, salits\u00fc\u00fcl- ja mandelhapete mikrokompleksi, mis aitab nahalt koorida elutuid rakke ning eemaldada liigse rasu, mustuse ja sudu j\u00e4\u00e4gid. Pakend tagab steriilsuse ja toimeainete aktiivsuse. Salvr\u00e4tid puhastavad \u00f5rnalt nahka, p\u00e4rast kasutamist on nahk niisutatud ja l\u00f5\u00f5gastunud. Toode sobib rasusele ja kombineeritud [&hellip;]","og_url":"https:\/\/test.gigi.ee\/ru\/koik-tooted\/dlya-professionalov\/acnon-pro\/gigi-acnon-triple-acid-rapid-wipes-30tk\/","og_site_name":"Dolores GIGI","article_publisher":"https:\/\/www.facebook.com\/gigicosmeticeestis\/","article_modified_time":"2024-11-04T15:01:02+00:00","og_image":[{"width":500,"height":500,"url":"https:\/\/test.gigi.ee\/wp-content\/uploads\/2020\/01\/ACNON_Triple_Acid_Rapid_Wipes_30_sht-1-500x500-1.jpg","type":"image\/jpeg"}],"twitter_card":"summary_large_image","twitter_misc":{"\u041f\u0440\u0438\u043c\u0435\u0440\u043d\u043e\u0435 \u0432\u0440\u0435\u043c\u044f \u0434\u043b\u044f \u0447\u0442\u0435\u043d\u0438\u044f":"2 \u043c\u0438\u043d\u0443\u0442\u044b"},"schema":{"@context":"https:\/\/schema.org","@graph":[{"@type":"WebPage","@id":"https:\/\/test.gigi.ee\/ru\/koik-tooted\/dlya-professionalov\/acnon-pro\/gigi-acnon-triple-acid-rapid-wipes-30tk\/","url":"https:\/\/test.gigi.ee\/ru\/koik-tooted\/dlya-professionalov\/acnon-pro\/gigi-acnon-triple-acid-rapid-wipes-30tk\/","name":"ACNON TRIPLE ACID RAPID WIPES 30TK - Dolores GIGI","isPartOf":{"@id":"https:\/\/test.gigi.ee\/#website"},"primaryImageOfPage":{"@id":"https:\/\/test.gigi.ee\/ru\/koik-tooted\/dlya-professionalov\/acnon-pro\/gigi-acnon-triple-acid-rapid-wipes-30tk\/#primaryimage"},"image":{"@id":"https:\/\/test.gigi.ee\/ru\/koik-tooted\/dlya-professionalov\/acnon-pro\/gigi-acnon-triple-acid-rapid-wipes-30tk\/#primaryimage"},"thumbnailUrl":"https:\/\/test.gigi.ee\/wp-content\/uploads\/2020\/01\/ACNON_Triple_Acid_Rapid_Wipes_30_sht-1-500x500-1.jpg","datePublished":"2020-01-30T08:28:31+00:00","dateModified":"2024-11-04T15:01:02+00:00","breadcrumb":{"@id":"https:\/\/test.gigi.ee\/ru\/koik-tooted\/dlya-professionalov\/acnon-pro\/gigi-acnon-triple-acid-rapid-wipes-30tk\/#breadcrumb"},"inLanguage":"ru-RU","potentialAction":[{"@type":"ReadAction","target":["https:\/\/test.gigi.ee\/ru\/koik-tooted\/dlya-professionalov\/acnon-pro\/gigi-acnon-triple-acid-rapid-wipes-30tk\/"]}]},{"@type":"ImageObject","inLanguage":"ru-RU","@id":"https:\/\/test.gigi.ee\/ru\/koik-tooted\/dlya-professionalov\/acnon-pro\/gigi-acnon-triple-acid-rapid-wipes-30tk\/#primaryimage","url":"https:\/\/test.gigi.ee\/wp-content\/uploads\/2020\/01\/ACNON_Triple_Acid_Rapid_Wipes_30_sht-1-500x500-1.jpg","contentUrl":"https:\/\/test.gigi.ee\/wp-content\/uploads\/2020\/01\/ACNON_Triple_Acid_Rapid_Wipes_30_sht-1-500x500-1.jpg","width":500,"height":500},{"@type":"BreadcrumbList","@id":"https:\/\/test.gigi.ee\/ru\/koik-tooted\/dlya-professionalov\/acnon-pro\/gigi-acnon-triple-acid-rapid-wipes-30tk\/#breadcrumb","itemListElement":[{"@type":"ListItem","position":1,"name":"Home","item":"https:\/\/test.gigi.ee\/ru\/"},{"@type":"ListItem","position":2,"name":"\u0412\u0441\u044f \u043f\u0440\u043e\u0434\u0443\u043a\u0446\u0438\u044f","item":"https:\/\/test.gigi.ee\/ru\/koik-tooted\/"},{"@type":"ListItem","position":3,"name":"ACNON TRIPLE ACID RAPID WIPES 30TK"}]},{"@type":"WebSite","@id":"https:\/\/test.gigi.ee\/#website","url":"https:\/\/test.gigi.ee\/","name":"Dolores GIGI","description":"GIGI tooted Eestis","publisher":{"@id":"https:\/\/test.gigi.ee\/#organization"},"potentialAction":[{"@type":"SearchAction","target":{"@type":"EntryPoint","urlTemplate":"https:\/\/test.gigi.ee\/?s={search_term_string}"},"query-input":{"@type":"PropertyValueSpecification","valueRequired":true,"valueName":"search_term_string"}}],"inLanguage":"ru-RU"},{"@type":"Organization","@id":"https:\/\/test.gigi.ee\/#organization","name":"Dolores O\u00dc","url":"https:\/\/test.gigi.ee\/","logo":{"@type":"ImageObject","inLanguage":"ru-RU","@id":"https:\/\/test.gigi.ee\/#\/schema\/logo\/image\/","url":"https:\/\/test.gigi.ee\/wp-content\/uploads\/2019\/12\/index-removebg-preview.png","contentUrl":"https:\/\/test.gigi.ee\/wp-content\/uploads\/2019\/12\/index-removebg-preview.png","width":225,"height":225,"caption":"Dolores O\u00dc"},"image":{"@id":"https:\/\/test.gigi.ee\/#\/schema\/logo\/image\/"},"sameAs":["https:\/\/www.facebook.com\/gigicosmeticeestis\/","https:\/\/www.instagram.com\/dolorescosmetics\/"]}]}},"_links":{"self":[{"href":"https:\/\/test.gigi.ee\/ru\/wp-json\/wp\/v2\/product\/2597","targetHints":{"allow":["GET"]}}],"collection":[{"href":"https:\/\/test.gigi.ee\/ru\/wp-json\/wp\/v2\/product"}],"about":[{"href":"https:\/\/test.gigi.ee\/ru\/wp-json\/wp\/v2\/types\/product"}],"wp:featuredmedia":[{"embeddable":true,"href":"https:\/\/test.gigi.ee\/ru\/wp-json\/wp\/v2\/media\/2568"}],"wp:attachment":[{"href":"https:\/\/test.gigi.ee\/ru\/wp-json\/wp\/v2\/media?parent=2597"}],"wp:term":[{"taxonomy":"product_cat","embeddable":true,"href":"https:\/\/test.gigi.ee\/ru\/wp-json\/wp\/v2\/product_cat?post=2597"},{"taxonomy":"product_tag","embeddable":true,"href":"https:\/\/test.gigi.ee\/ru\/wp-json\/wp\/v2\/product_tag?post=2597"}],"curies":[{"name":"wp","href":"https:\/\/api.w.org\/{rel}","templated":true}]}}