{"id":2709,"date":"2020-02-03T14:01:22","date_gmt":"2020-02-03T14:01:22","guid":{"rendered":"https:\/\/test.gigi.ee\/product\/lipacid-mask-for-oily-and-large-pore-skin-75-ml\/"},"modified":"2024-11-06T14:18:34","modified_gmt":"2024-11-06T14:18:34","slug":"lipacid-mask-for-oily-and-large-pore-skin-75-ml","status":"publish","type":"product","link":"https:\/\/test.gigi.ee\/ru\/koik-tooted\/dlja-domashnego-polzovanija\/lipacid\/lipacid-mask-for-oily-and-large-pore-skin-75-ml\/","title":{"rendered":"LIPACID MASK FOR OILY AND LARGE PORE SKIN 75 ML"},"content":{"rendered":"<p>Mask rasusele\u00a0ja suurepooriliselele n\u00e4onahale. Puhastab efektiivselt ebapuhtused, ahendab poore, eemaldab rasu ja rahustab nahka.<\/p>\n<p><strong>Kasutamine:<\/strong>\u00a0Kanda eelnevalt puhastatud n\u00e4onahale, lasta m\u00f5juda 15 min, seej\u00e4rel pesta rohke sooja veega. Soovitav kasutada 3 korda n\u00e4dalas. M\u00f5eldud ainult v\u00e4lispidiseks kasutamiseks. V\u00e4ltida silma-ja huulte\u00fcmbrus piirkonda. Hoida lastele k\u00e4ttesaamatus kohas. Allaneelamisel kahjulik, p\u00f6\u00f6rduda koheselt arsti poole.<\/p>\n<p><strong>Koostis:<\/strong>\u00a0Water (Aqua), Kaolin, Glycerin, Cetearyl Alcohol &amp; PEG-20 Stearate, Propylene Glycol, Zinc Oxide, Capryloyl Glycine &amp; Sarcosine &amp;\u00a0Cinnamomum Zelyanicum Bark Extract, Cetearyl Alcohol, Sodium Laureth Sulfate, Magnesium Carbonate, Alpha-Glucan Oligosaccharide, Phenoxyethanol Methylparabem \u00a0Ethylparaben \u00a0Butylparaben \u00a0Propylparabeninc Pyrithion, DMDM Hydantoin,\u00a0Hamamelis Virginiana (Witch Hazel) Water, Camomilla Recutita (Matricaria) Flower Extract, Allantoin, PEG-40 Hydrogenated Castor Oil &amp; Sulfur, Sodium Chloride, Lactic Acid.<\/p>\n","protected":false},"excerpt":{"rendered":"<p>Mask rasusele\u00a0ja suurepooriliselele n\u00e4onahale. Puhastab efektiivselt ebapuhtused, ahendab poore, eemaldab rasu ja rahustab nahka. Kasutamine:\u00a0Kanda eelnevalt puhastatud n\u00e4onahale, lasta m\u00f5juda 15 min, seej\u00e4rel pesta rohke sooja veega. Soovitav kasutada 3 korda n\u00e4dalas. M\u00f5eldud ainult v\u00e4lispidiseks kasutamiseks. V\u00e4ltida silma-ja huulte\u00fcmbrus piirkonda. Hoida lastele k\u00e4ttesaamatus kohas. Allaneelamisel kahjulik, p\u00f6\u00f6rduda koheselt arsti poole. Koostis:\u00a0Water (Aqua), Kaolin, Glycerin, Cetearyl [&hellip;]<\/p>\n","protected":false},"featured_media":2707,"template":"","meta":[],"product_cat":[93,102],"product_tag":[],"class_list":{"0":"post-2709","1":"product","2":"type-product","3":"status-publish","4":"has-post-thumbnail","6":"product_cat-dlja-domashnego-polzovanija","7":"product_cat-lipacid","9":"first","10":"instock","11":"shipping-taxable","12":"product-type-simple"},"yoast_head":"<!-- This site is optimized with the Yoast SEO plugin v23.8 - https:\/\/yoast.com\/wordpress\/plugins\/seo\/ -->\n<title>LIPACID MASK FOR OILY AND LARGE PORE SKIN 75 ML - Dolores GIGI<\/title>\n<meta name=\"robots\" content=\"index, follow, max-snippet:-1, max-image-preview:large, max-video-preview:-1\" \/>\n<link rel=\"canonical\" href=\"https:\/\/test.gigi.ee\/ru\/koik-tooted\/dlja-domashnego-polzovanija\/lipacid\/lipacid-mask-for-oily-and-large-pore-skin-75-ml\/\" \/>\n<meta property=\"og:locale\" content=\"ru_RU\" \/>\n<meta property=\"og:type\" content=\"article\" \/>\n<meta property=\"og:title\" content=\"LIPACID MASK FOR OILY AND LARGE PORE SKIN 75 ML - Dolores GIGI\" \/>\n<meta property=\"og:description\" content=\"Mask rasusele\u00a0ja suurepooriliselele n\u00e4onahale. Puhastab efektiivselt ebapuhtused, ahendab poore, eemaldab rasu ja rahustab nahka. Kasutamine:\u00a0Kanda eelnevalt puhastatud n\u00e4onahale, lasta m\u00f5juda 15 min, seej\u00e4rel pesta rohke sooja veega. Soovitav kasutada 3 korda n\u00e4dalas. M\u00f5eldud ainult v\u00e4lispidiseks kasutamiseks. V\u00e4ltida silma-ja huulte\u00fcmbrus piirkonda. Hoida lastele k\u00e4ttesaamatus kohas. Allaneelamisel kahjulik, p\u00f6\u00f6rduda koheselt arsti poole. Koostis:\u00a0Water (Aqua), Kaolin, Glycerin, Cetearyl [&hellip;]\" \/>\n<meta property=\"og:url\" content=\"https:\/\/test.gigi.ee\/ru\/koik-tooted\/dlja-domashnego-polzovanija\/lipacid\/lipacid-mask-for-oily-and-large-pore-skin-75-ml\/\" \/>\n<meta property=\"og:site_name\" content=\"Dolores GIGI\" \/>\n<meta property=\"article:publisher\" content=\"https:\/\/www.facebook.com\/gigicosmeticeestis\/\" \/>\n<meta property=\"article:modified_time\" content=\"2024-11-06T14:18:34+00:00\" \/>\n<meta property=\"og:image\" content=\"https:\/\/test.gigi.ee\/wp-content\/uploads\/2020\/02\/GiGi-Lipatcid-Mask-250ml-500x500-1.jpg\" \/>\n\t<meta property=\"og:image:width\" content=\"500\" \/>\n\t<meta property=\"og:image:height\" content=\"500\" \/>\n\t<meta property=\"og:image:type\" content=\"image\/jpeg\" \/>\n<meta name=\"twitter:card\" content=\"summary_large_image\" \/>\n<meta name=\"twitter:label1\" content=\"\u041f\u0440\u0438\u043c\u0435\u0440\u043d\u043e\u0435 \u0432\u0440\u0435\u043c\u044f \u0434\u043b\u044f \u0447\u0442\u0435\u043d\u0438\u044f\" \/>\n\t<meta name=\"twitter:data1\" content=\"1 \u043c\u0438\u043d\u0443\u0442\u0430\" \/>\n<script type=\"application\/ld+json\" class=\"yoast-schema-graph\">{\"@context\":\"https:\/\/schema.org\",\"@graph\":[{\"@type\":\"WebPage\",\"@id\":\"https:\/\/test.gigi.ee\/ru\/koik-tooted\/dlja-domashnego-polzovanija\/lipacid\/lipacid-mask-for-oily-and-large-pore-skin-75-ml\/\",\"url\":\"https:\/\/test.gigi.ee\/ru\/koik-tooted\/dlja-domashnego-polzovanija\/lipacid\/lipacid-mask-for-oily-and-large-pore-skin-75-ml\/\",\"name\":\"LIPACID MASK FOR OILY AND LARGE PORE SKIN 75 ML - Dolores GIGI\",\"isPartOf\":{\"@id\":\"https:\/\/test.gigi.ee\/#website\"},\"primaryImageOfPage\":{\"@id\":\"https:\/\/test.gigi.ee\/ru\/koik-tooted\/dlja-domashnego-polzovanija\/lipacid\/lipacid-mask-for-oily-and-large-pore-skin-75-ml\/#primaryimage\"},\"image\":{\"@id\":\"https:\/\/test.gigi.ee\/ru\/koik-tooted\/dlja-domashnego-polzovanija\/lipacid\/lipacid-mask-for-oily-and-large-pore-skin-75-ml\/#primaryimage\"},\"thumbnailUrl\":\"https:\/\/test.gigi.ee\/wp-content\/uploads\/2020\/02\/GiGi-Lipatcid-Mask-250ml-500x500-1.jpg\",\"datePublished\":\"2020-02-03T14:01:22+00:00\",\"dateModified\":\"2024-11-06T14:18:34+00:00\",\"breadcrumb\":{\"@id\":\"https:\/\/test.gigi.ee\/ru\/koik-tooted\/dlja-domashnego-polzovanija\/lipacid\/lipacid-mask-for-oily-and-large-pore-skin-75-ml\/#breadcrumb\"},\"inLanguage\":\"ru-RU\",\"potentialAction\":[{\"@type\":\"ReadAction\",\"target\":[\"https:\/\/test.gigi.ee\/ru\/koik-tooted\/dlja-domashnego-polzovanija\/lipacid\/lipacid-mask-for-oily-and-large-pore-skin-75-ml\/\"]}]},{\"@type\":\"ImageObject\",\"inLanguage\":\"ru-RU\",\"@id\":\"https:\/\/test.gigi.ee\/ru\/koik-tooted\/dlja-domashnego-polzovanija\/lipacid\/lipacid-mask-for-oily-and-large-pore-skin-75-ml\/#primaryimage\",\"url\":\"https:\/\/test.gigi.ee\/wp-content\/uploads\/2020\/02\/GiGi-Lipatcid-Mask-250ml-500x500-1.jpg\",\"contentUrl\":\"https:\/\/test.gigi.ee\/wp-content\/uploads\/2020\/02\/GiGi-Lipatcid-Mask-250ml-500x500-1.jpg\",\"width\":500,\"height\":500},{\"@type\":\"BreadcrumbList\",\"@id\":\"https:\/\/test.gigi.ee\/ru\/koik-tooted\/dlja-domashnego-polzovanija\/lipacid\/lipacid-mask-for-oily-and-large-pore-skin-75-ml\/#breadcrumb\",\"itemListElement\":[{\"@type\":\"ListItem\",\"position\":1,\"name\":\"Home\",\"item\":\"https:\/\/test.gigi.ee\/ru\/\"},{\"@type\":\"ListItem\",\"position\":2,\"name\":\"\u0412\u0441\u044f \u043f\u0440\u043e\u0434\u0443\u043a\u0446\u0438\u044f\",\"item\":\"https:\/\/test.gigi.ee\/ru\/koik-tooted\/\"},{\"@type\":\"ListItem\",\"position\":3,\"name\":\"LIPACID MASK FOR OILY AND LARGE PORE SKIN 75 ML\"}]},{\"@type\":\"WebSite\",\"@id\":\"https:\/\/test.gigi.ee\/#website\",\"url\":\"https:\/\/test.gigi.ee\/\",\"name\":\"Dolores GIGI\",\"description\":\"GIGI tooted Eestis\",\"publisher\":{\"@id\":\"https:\/\/test.gigi.ee\/#organization\"},\"potentialAction\":[{\"@type\":\"SearchAction\",\"target\":{\"@type\":\"EntryPoint\",\"urlTemplate\":\"https:\/\/test.gigi.ee\/?s={search_term_string}\"},\"query-input\":{\"@type\":\"PropertyValueSpecification\",\"valueRequired\":true,\"valueName\":\"search_term_string\"}}],\"inLanguage\":\"ru-RU\"},{\"@type\":\"Organization\",\"@id\":\"https:\/\/test.gigi.ee\/#organization\",\"name\":\"Dolores O\u00dc\",\"url\":\"https:\/\/test.gigi.ee\/\",\"logo\":{\"@type\":\"ImageObject\",\"inLanguage\":\"ru-RU\",\"@id\":\"https:\/\/test.gigi.ee\/#\/schema\/logo\/image\/\",\"url\":\"https:\/\/test.gigi.ee\/wp-content\/uploads\/2019\/12\/index-removebg-preview.png\",\"contentUrl\":\"https:\/\/test.gigi.ee\/wp-content\/uploads\/2019\/12\/index-removebg-preview.png\",\"width\":225,\"height\":225,\"caption\":\"Dolores O\u00dc\"},\"image\":{\"@id\":\"https:\/\/test.gigi.ee\/#\/schema\/logo\/image\/\"},\"sameAs\":[\"https:\/\/www.facebook.com\/gigicosmeticeestis\/\",\"https:\/\/www.instagram.com\/dolorescosmetics\/\"]}]}<\/script>\n<!-- \/ Yoast SEO plugin. -->","yoast_head_json":{"title":"LIPACID MASK FOR OILY AND LARGE PORE SKIN 75 ML - Dolores GIGI","robots":{"index":"index","follow":"follow","max-snippet":"max-snippet:-1","max-image-preview":"max-image-preview:large","max-video-preview":"max-video-preview:-1"},"canonical":"https:\/\/test.gigi.ee\/ru\/koik-tooted\/dlja-domashnego-polzovanija\/lipacid\/lipacid-mask-for-oily-and-large-pore-skin-75-ml\/","og_locale":"ru_RU","og_type":"article","og_title":"LIPACID MASK FOR OILY AND LARGE PORE SKIN 75 ML - Dolores GIGI","og_description":"Mask rasusele\u00a0ja suurepooriliselele n\u00e4onahale. Puhastab efektiivselt ebapuhtused, ahendab poore, eemaldab rasu ja rahustab nahka. Kasutamine:\u00a0Kanda eelnevalt puhastatud n\u00e4onahale, lasta m\u00f5juda 15 min, seej\u00e4rel pesta rohke sooja veega. Soovitav kasutada 3 korda n\u00e4dalas. M\u00f5eldud ainult v\u00e4lispidiseks kasutamiseks. V\u00e4ltida silma-ja huulte\u00fcmbrus piirkonda. Hoida lastele k\u00e4ttesaamatus kohas. Allaneelamisel kahjulik, p\u00f6\u00f6rduda koheselt arsti poole. Koostis:\u00a0Water (Aqua), Kaolin, Glycerin, Cetearyl [&hellip;]","og_url":"https:\/\/test.gigi.ee\/ru\/koik-tooted\/dlja-domashnego-polzovanija\/lipacid\/lipacid-mask-for-oily-and-large-pore-skin-75-ml\/","og_site_name":"Dolores GIGI","article_publisher":"https:\/\/www.facebook.com\/gigicosmeticeestis\/","article_modified_time":"2024-11-06T14:18:34+00:00","og_image":[{"width":500,"height":500,"url":"https:\/\/test.gigi.ee\/wp-content\/uploads\/2020\/02\/GiGi-Lipatcid-Mask-250ml-500x500-1.jpg","type":"image\/jpeg"}],"twitter_card":"summary_large_image","twitter_misc":{"\u041f\u0440\u0438\u043c\u0435\u0440\u043d\u043e\u0435 \u0432\u0440\u0435\u043c\u044f \u0434\u043b\u044f \u0447\u0442\u0435\u043d\u0438\u044f":"1 \u043c\u0438\u043d\u0443\u0442\u0430"},"schema":{"@context":"https:\/\/schema.org","@graph":[{"@type":"WebPage","@id":"https:\/\/test.gigi.ee\/ru\/koik-tooted\/dlja-domashnego-polzovanija\/lipacid\/lipacid-mask-for-oily-and-large-pore-skin-75-ml\/","url":"https:\/\/test.gigi.ee\/ru\/koik-tooted\/dlja-domashnego-polzovanija\/lipacid\/lipacid-mask-for-oily-and-large-pore-skin-75-ml\/","name":"LIPACID MASK FOR OILY AND LARGE PORE SKIN 75 ML - Dolores GIGI","isPartOf":{"@id":"https:\/\/test.gigi.ee\/#website"},"primaryImageOfPage":{"@id":"https:\/\/test.gigi.ee\/ru\/koik-tooted\/dlja-domashnego-polzovanija\/lipacid\/lipacid-mask-for-oily-and-large-pore-skin-75-ml\/#primaryimage"},"image":{"@id":"https:\/\/test.gigi.ee\/ru\/koik-tooted\/dlja-domashnego-polzovanija\/lipacid\/lipacid-mask-for-oily-and-large-pore-skin-75-ml\/#primaryimage"},"thumbnailUrl":"https:\/\/test.gigi.ee\/wp-content\/uploads\/2020\/02\/GiGi-Lipatcid-Mask-250ml-500x500-1.jpg","datePublished":"2020-02-03T14:01:22+00:00","dateModified":"2024-11-06T14:18:34+00:00","breadcrumb":{"@id":"https:\/\/test.gigi.ee\/ru\/koik-tooted\/dlja-domashnego-polzovanija\/lipacid\/lipacid-mask-for-oily-and-large-pore-skin-75-ml\/#breadcrumb"},"inLanguage":"ru-RU","potentialAction":[{"@type":"ReadAction","target":["https:\/\/test.gigi.ee\/ru\/koik-tooted\/dlja-domashnego-polzovanija\/lipacid\/lipacid-mask-for-oily-and-large-pore-skin-75-ml\/"]}]},{"@type":"ImageObject","inLanguage":"ru-RU","@id":"https:\/\/test.gigi.ee\/ru\/koik-tooted\/dlja-domashnego-polzovanija\/lipacid\/lipacid-mask-for-oily-and-large-pore-skin-75-ml\/#primaryimage","url":"https:\/\/test.gigi.ee\/wp-content\/uploads\/2020\/02\/GiGi-Lipatcid-Mask-250ml-500x500-1.jpg","contentUrl":"https:\/\/test.gigi.ee\/wp-content\/uploads\/2020\/02\/GiGi-Lipatcid-Mask-250ml-500x500-1.jpg","width":500,"height":500},{"@type":"BreadcrumbList","@id":"https:\/\/test.gigi.ee\/ru\/koik-tooted\/dlja-domashnego-polzovanija\/lipacid\/lipacid-mask-for-oily-and-large-pore-skin-75-ml\/#breadcrumb","itemListElement":[{"@type":"ListItem","position":1,"name":"Home","item":"https:\/\/test.gigi.ee\/ru\/"},{"@type":"ListItem","position":2,"name":"\u0412\u0441\u044f \u043f\u0440\u043e\u0434\u0443\u043a\u0446\u0438\u044f","item":"https:\/\/test.gigi.ee\/ru\/koik-tooted\/"},{"@type":"ListItem","position":3,"name":"LIPACID MASK FOR OILY AND LARGE PORE SKIN 75 ML"}]},{"@type":"WebSite","@id":"https:\/\/test.gigi.ee\/#website","url":"https:\/\/test.gigi.ee\/","name":"Dolores GIGI","description":"GIGI tooted Eestis","publisher":{"@id":"https:\/\/test.gigi.ee\/#organization"},"potentialAction":[{"@type":"SearchAction","target":{"@type":"EntryPoint","urlTemplate":"https:\/\/test.gigi.ee\/?s={search_term_string}"},"query-input":{"@type":"PropertyValueSpecification","valueRequired":true,"valueName":"search_term_string"}}],"inLanguage":"ru-RU"},{"@type":"Organization","@id":"https:\/\/test.gigi.ee\/#organization","name":"Dolores O\u00dc","url":"https:\/\/test.gigi.ee\/","logo":{"@type":"ImageObject","inLanguage":"ru-RU","@id":"https:\/\/test.gigi.ee\/#\/schema\/logo\/image\/","url":"https:\/\/test.gigi.ee\/wp-content\/uploads\/2019\/12\/index-removebg-preview.png","contentUrl":"https:\/\/test.gigi.ee\/wp-content\/uploads\/2019\/12\/index-removebg-preview.png","width":225,"height":225,"caption":"Dolores O\u00dc"},"image":{"@id":"https:\/\/test.gigi.ee\/#\/schema\/logo\/image\/"},"sameAs":["https:\/\/www.facebook.com\/gigicosmeticeestis\/","https:\/\/www.instagram.com\/dolorescosmetics\/"]}]}},"_links":{"self":[{"href":"https:\/\/test.gigi.ee\/ru\/wp-json\/wp\/v2\/product\/2709","targetHints":{"allow":["GET"]}}],"collection":[{"href":"https:\/\/test.gigi.ee\/ru\/wp-json\/wp\/v2\/product"}],"about":[{"href":"https:\/\/test.gigi.ee\/ru\/wp-json\/wp\/v2\/types\/product"}],"wp:featuredmedia":[{"embeddable":true,"href":"https:\/\/test.gigi.ee\/ru\/wp-json\/wp\/v2\/media\/2707"}],"wp:attachment":[{"href":"https:\/\/test.gigi.ee\/ru\/wp-json\/wp\/v2\/media?parent=2709"}],"wp:term":[{"taxonomy":"product_cat","embeddable":true,"href":"https:\/\/test.gigi.ee\/ru\/wp-json\/wp\/v2\/product_cat?post=2709"},{"taxonomy":"product_tag","embeddable":true,"href":"https:\/\/test.gigi.ee\/ru\/wp-json\/wp\/v2\/product_tag?post=2709"}],"curies":[{"name":"wp","href":"https:\/\/api.w.org\/{rel}","templated":true}]}}