{"id":8355,"date":"2023-02-27T12:01:54","date_gmt":"2023-02-27T12:01:54","guid":{"rendered":"https:\/\/test.gigi.ee\/?post_type=product&#038;p=8355"},"modified":"2024-11-08T15:17:38","modified_gmt":"2024-11-08T15:17:38","slug":"new-age-g4-nutritious-mousse-mask-75-ml","status":"publish","type":"product","link":"https:\/\/test.gigi.ee\/ru\/koik-tooted\/dlya-professionalov\/new-age-g4-pro\/new-age-g4-nutritious-mousse-mask-75-ml\/","title":{"rendered":"NEW AGE G4 NUTRITIOUS MOUSSE MASK 75 ml"},"content":{"rendered":"<p>Toitev vahumask, ekspressniisutav.<\/p>\n<p>\u00d5hulise tekstuuriga mask koheseks ja s\u00fcgavaks niisutamiseks kodus. Aitab suurendada epidermise h\u00fcdratatsiooni ja parandab v\u00f5imet s\u00e4ilitada loomulikku niiskust k\u00f5igis kihtides. Keramiidide ja peptiidide kombinatsiooniga koostisel on s\u00fcgav m\u00f5ju regenereerimis- ja noorenemisv\u00f5ime suurendamisel, parandades naha tekstuuri, elastsust, tugevust ja toonust. Taime\u00f5lid tugevdavad maski rahustavat toimet ja aitavad leevendada n\u00e4ole kogunenud pingeid. P\u00e4rast protseduuri muutub nahk l\u00f5dvestunud, v\u00e4rskeks, siledaks, niiskusest k\u00fcllastunud, elastseks ja toniseerituks.<\/p>\n<p>\u0421eramide 2 Sym lift, Gatuline, \u0432\u0438\u0442\u0430\u043c\u0438\u043d \u0415, \u044f\u043d\u0442\u0430\u0440\u043d\u0430\u044f \u043a\u0438\u0441\u043b\u043e\u0442\u0430, \u043f\u0438\u0442\u0430\u0442\u0435\u043b\u044c\u043d\u044b\u0439 \u043a\u043e\u043c\u043f\u043b\u0435\u043a\u0441 \u043c\u0430\u0441\u0435\u043b, Cooper Tripeptide-1, Hyaceramidyle.<\/p>\n","protected":false},"excerpt":{"rendered":"<p>Toitev vahumask, ekspressniisutav. \u00d5hulise tekstuuriga mask koheseks ja s\u00fcgavaks niisutamiseks kodus. Aitab suurendada epidermise h\u00fcdratatsiooni ja parandab v\u00f5imet s\u00e4ilitada loomulikku niiskust k\u00f5igis kihtides. Keramiidide ja peptiidide kombinatsiooniga koostisel on s\u00fcgav m\u00f5ju regenereerimis- ja noorenemisv\u00f5ime suurendamisel, parandades naha tekstuuri, elastsust, tugevust ja toonust. Taime\u00f5lid tugevdavad maski rahustavat toimet ja aitavad leevendada n\u00e4ole kogunenud pingeid. P\u00e4rast protseduuri [&hellip;]<\/p>\n","protected":false},"featured_media":8356,"template":"","meta":[],"product_cat":[93,175,117,178],"product_tag":[],"class_list":{"0":"post-8355","1":"product","2":"type-product","3":"status-publish","4":"has-post-thumbnail","6":"product_cat-dlja-domashnego-polzovanija","7":"product_cat-new-age-g4","8":"product_cat-dlya-professionalov","9":"product_cat-new-age-g4-pro","11":"first","12":"instock","13":"shipping-taxable","14":"product-type-simple"},"yoast_head":"<!-- This site is optimized with the Yoast SEO plugin v23.8 - https:\/\/yoast.com\/wordpress\/plugins\/seo\/ -->\n<title>NEW AGE G4 NUTRITIOUS MOUSSE MASK 75 ml - Dolores GIGI<\/title>\n<meta name=\"robots\" content=\"index, follow, max-snippet:-1, max-image-preview:large, max-video-preview:-1\" \/>\n<link rel=\"canonical\" href=\"https:\/\/test.gigi.ee\/koik-tooted\/professionaalidele\/new-age-g4-pro\/new-age-g4-nutritious-mousse-mask-75-ml\/\" \/>\n<meta property=\"og:locale\" content=\"ru_RU\" \/>\n<meta property=\"og:type\" content=\"article\" \/>\n<meta property=\"og:title\" content=\"NEW AGE G4 NUTRITIOUS MOUSSE MASK 75 ml - Dolores GIGI\" \/>\n<meta property=\"og:description\" content=\"Toitev vahumask, ekspressniisutav. \u00d5hulise tekstuuriga mask koheseks ja s\u00fcgavaks niisutamiseks kodus. Aitab suurendada epidermise h\u00fcdratatsiooni ja parandab v\u00f5imet s\u00e4ilitada loomulikku niiskust k\u00f5igis kihtides. Keramiidide ja peptiidide kombinatsiooniga koostisel on s\u00fcgav m\u00f5ju regenereerimis- ja noorenemisv\u00f5ime suurendamisel, parandades naha tekstuuri, elastsust, tugevust ja toonust. Taime\u00f5lid tugevdavad maski rahustavat toimet ja aitavad leevendada n\u00e4ole kogunenud pingeid. P\u00e4rast protseduuri [&hellip;]\" \/>\n<meta property=\"og:url\" content=\"https:\/\/test.gigi.ee\/koik-tooted\/professionaalidele\/new-age-g4-pro\/new-age-g4-nutritious-mousse-mask-75-ml\/\" \/>\n<meta property=\"og:site_name\" content=\"Dolores GIGI\" \/>\n<meta property=\"article:publisher\" content=\"https:\/\/www.facebook.com\/gigicosmeticeestis\/\" \/>\n<meta property=\"article:modified_time\" content=\"2024-11-08T15:17:38+00:00\" \/>\n<meta property=\"og:image\" content=\"https:\/\/test.gigi.ee\/wp-content\/uploads\/2023\/02\/NEW_AGE_G4_Nutritious_Mousse_Mask_75_ml.jpeg\" \/>\n\t<meta property=\"og:image:width\" content=\"550\" \/>\n\t<meta property=\"og:image:height\" content=\"550\" \/>\n\t<meta property=\"og:image:type\" content=\"image\/jpeg\" \/>\n<meta name=\"twitter:card\" content=\"summary_large_image\" \/>\n<meta name=\"twitter:label1\" content=\"\u041f\u0440\u0438\u043c\u0435\u0440\u043d\u043e\u0435 \u0432\u0440\u0435\u043c\u044f \u0434\u043b\u044f \u0447\u0442\u0435\u043d\u0438\u044f\" \/>\n\t<meta name=\"twitter:data1\" content=\"1 \u043c\u0438\u043d\u0443\u0442\u0430\" \/>\n<script type=\"application\/ld+json\" class=\"yoast-schema-graph\">{\"@context\":\"https:\/\/schema.org\",\"@graph\":[{\"@type\":\"WebPage\",\"@id\":\"https:\/\/test.gigi.ee\/koik-tooted\/professionaalidele\/new-age-g4-pro\/new-age-g4-nutritious-mousse-mask-75-ml\/\",\"url\":\"https:\/\/test.gigi.ee\/koik-tooted\/professionaalidele\/new-age-g4-pro\/new-age-g4-nutritious-mousse-mask-75-ml\/\",\"name\":\"NEW AGE G4 NUTRITIOUS MOUSSE MASK 75 ml - Dolores GIGI\",\"isPartOf\":{\"@id\":\"https:\/\/test.gigi.ee\/#website\"},\"primaryImageOfPage\":{\"@id\":\"https:\/\/test.gigi.ee\/koik-tooted\/professionaalidele\/new-age-g4-pro\/new-age-g4-nutritious-mousse-mask-75-ml\/#primaryimage\"},\"image\":{\"@id\":\"https:\/\/test.gigi.ee\/koik-tooted\/professionaalidele\/new-age-g4-pro\/new-age-g4-nutritious-mousse-mask-75-ml\/#primaryimage\"},\"thumbnailUrl\":\"https:\/\/test.gigi.ee\/wp-content\/uploads\/2023\/02\/NEW_AGE_G4_Nutritious_Mousse_Mask_75_ml.jpeg\",\"datePublished\":\"2023-02-27T12:01:54+00:00\",\"dateModified\":\"2024-11-08T15:17:38+00:00\",\"breadcrumb\":{\"@id\":\"https:\/\/test.gigi.ee\/koik-tooted\/professionaalidele\/new-age-g4-pro\/new-age-g4-nutritious-mousse-mask-75-ml\/#breadcrumb\"},\"inLanguage\":\"ru-RU\",\"potentialAction\":[{\"@type\":\"ReadAction\",\"target\":[\"https:\/\/test.gigi.ee\/koik-tooted\/professionaalidele\/new-age-g4-pro\/new-age-g4-nutritious-mousse-mask-75-ml\/\"]}]},{\"@type\":\"ImageObject\",\"inLanguage\":\"ru-RU\",\"@id\":\"https:\/\/test.gigi.ee\/koik-tooted\/professionaalidele\/new-age-g4-pro\/new-age-g4-nutritious-mousse-mask-75-ml\/#primaryimage\",\"url\":\"https:\/\/test.gigi.ee\/wp-content\/uploads\/2023\/02\/NEW_AGE_G4_Nutritious_Mousse_Mask_75_ml.jpeg\",\"contentUrl\":\"https:\/\/test.gigi.ee\/wp-content\/uploads\/2023\/02\/NEW_AGE_G4_Nutritious_Mousse_Mask_75_ml.jpeg\",\"width\":550,\"height\":550},{\"@type\":\"BreadcrumbList\",\"@id\":\"https:\/\/test.gigi.ee\/koik-tooted\/professionaalidele\/new-age-g4-pro\/new-age-g4-nutritious-mousse-mask-75-ml\/#breadcrumb\",\"itemListElement\":[{\"@type\":\"ListItem\",\"position\":1,\"name\":\"Home\",\"item\":\"https:\/\/test.gigi.ee\/ru\/\"},{\"@type\":\"ListItem\",\"position\":2,\"name\":\"\u0412\u0441\u044f \u043f\u0440\u043e\u0434\u0443\u043a\u0446\u0438\u044f\",\"item\":\"https:\/\/test.gigi.ee\/ru\/koik-tooted\/\"},{\"@type\":\"ListItem\",\"position\":3,\"name\":\"NEW AGE G4 NUTRITIOUS MOUSSE MASK 75 ml\"}]},{\"@type\":\"WebSite\",\"@id\":\"https:\/\/test.gigi.ee\/#website\",\"url\":\"https:\/\/test.gigi.ee\/\",\"name\":\"Dolores GIGI\",\"description\":\"GIGI tooted Eestis\",\"publisher\":{\"@id\":\"https:\/\/test.gigi.ee\/#organization\"},\"potentialAction\":[{\"@type\":\"SearchAction\",\"target\":{\"@type\":\"EntryPoint\",\"urlTemplate\":\"https:\/\/test.gigi.ee\/?s={search_term_string}\"},\"query-input\":{\"@type\":\"PropertyValueSpecification\",\"valueRequired\":true,\"valueName\":\"search_term_string\"}}],\"inLanguage\":\"ru-RU\"},{\"@type\":\"Organization\",\"@id\":\"https:\/\/test.gigi.ee\/#organization\",\"name\":\"Dolores O\u00dc\",\"url\":\"https:\/\/test.gigi.ee\/\",\"logo\":{\"@type\":\"ImageObject\",\"inLanguage\":\"ru-RU\",\"@id\":\"https:\/\/test.gigi.ee\/#\/schema\/logo\/image\/\",\"url\":\"https:\/\/test.gigi.ee\/wp-content\/uploads\/2019\/12\/index-removebg-preview.png\",\"contentUrl\":\"https:\/\/test.gigi.ee\/wp-content\/uploads\/2019\/12\/index-removebg-preview.png\",\"width\":225,\"height\":225,\"caption\":\"Dolores O\u00dc\"},\"image\":{\"@id\":\"https:\/\/test.gigi.ee\/#\/schema\/logo\/image\/\"},\"sameAs\":[\"https:\/\/www.facebook.com\/gigicosmeticeestis\/\",\"https:\/\/www.instagram.com\/dolorescosmetics\/\"]}]}<\/script>\n<!-- \/ Yoast SEO plugin. -->","yoast_head_json":{"title":"NEW AGE G4 NUTRITIOUS MOUSSE MASK 75 ml - Dolores GIGI","robots":{"index":"index","follow":"follow","max-snippet":"max-snippet:-1","max-image-preview":"max-image-preview:large","max-video-preview":"max-video-preview:-1"},"canonical":"https:\/\/test.gigi.ee\/koik-tooted\/professionaalidele\/new-age-g4-pro\/new-age-g4-nutritious-mousse-mask-75-ml\/","og_locale":"ru_RU","og_type":"article","og_title":"NEW AGE G4 NUTRITIOUS MOUSSE MASK 75 ml - Dolores GIGI","og_description":"Toitev vahumask, ekspressniisutav. \u00d5hulise tekstuuriga mask koheseks ja s\u00fcgavaks niisutamiseks kodus. Aitab suurendada epidermise h\u00fcdratatsiooni ja parandab v\u00f5imet s\u00e4ilitada loomulikku niiskust k\u00f5igis kihtides. Keramiidide ja peptiidide kombinatsiooniga koostisel on s\u00fcgav m\u00f5ju regenereerimis- ja noorenemisv\u00f5ime suurendamisel, parandades naha tekstuuri, elastsust, tugevust ja toonust. Taime\u00f5lid tugevdavad maski rahustavat toimet ja aitavad leevendada n\u00e4ole kogunenud pingeid. P\u00e4rast protseduuri [&hellip;]","og_url":"https:\/\/test.gigi.ee\/koik-tooted\/professionaalidele\/new-age-g4-pro\/new-age-g4-nutritious-mousse-mask-75-ml\/","og_site_name":"Dolores GIGI","article_publisher":"https:\/\/www.facebook.com\/gigicosmeticeestis\/","article_modified_time":"2024-11-08T15:17:38+00:00","og_image":[{"width":550,"height":550,"url":"https:\/\/test.gigi.ee\/wp-content\/uploads\/2023\/02\/NEW_AGE_G4_Nutritious_Mousse_Mask_75_ml.jpeg","type":"image\/jpeg"}],"twitter_card":"summary_large_image","twitter_misc":{"\u041f\u0440\u0438\u043c\u0435\u0440\u043d\u043e\u0435 \u0432\u0440\u0435\u043c\u044f \u0434\u043b\u044f \u0447\u0442\u0435\u043d\u0438\u044f":"1 \u043c\u0438\u043d\u0443\u0442\u0430"},"schema":{"@context":"https:\/\/schema.org","@graph":[{"@type":"WebPage","@id":"https:\/\/test.gigi.ee\/koik-tooted\/professionaalidele\/new-age-g4-pro\/new-age-g4-nutritious-mousse-mask-75-ml\/","url":"https:\/\/test.gigi.ee\/koik-tooted\/professionaalidele\/new-age-g4-pro\/new-age-g4-nutritious-mousse-mask-75-ml\/","name":"NEW AGE G4 NUTRITIOUS MOUSSE MASK 75 ml - Dolores GIGI","isPartOf":{"@id":"https:\/\/test.gigi.ee\/#website"},"primaryImageOfPage":{"@id":"https:\/\/test.gigi.ee\/koik-tooted\/professionaalidele\/new-age-g4-pro\/new-age-g4-nutritious-mousse-mask-75-ml\/#primaryimage"},"image":{"@id":"https:\/\/test.gigi.ee\/koik-tooted\/professionaalidele\/new-age-g4-pro\/new-age-g4-nutritious-mousse-mask-75-ml\/#primaryimage"},"thumbnailUrl":"https:\/\/test.gigi.ee\/wp-content\/uploads\/2023\/02\/NEW_AGE_G4_Nutritious_Mousse_Mask_75_ml.jpeg","datePublished":"2023-02-27T12:01:54+00:00","dateModified":"2024-11-08T15:17:38+00:00","breadcrumb":{"@id":"https:\/\/test.gigi.ee\/koik-tooted\/professionaalidele\/new-age-g4-pro\/new-age-g4-nutritious-mousse-mask-75-ml\/#breadcrumb"},"inLanguage":"ru-RU","potentialAction":[{"@type":"ReadAction","target":["https:\/\/test.gigi.ee\/koik-tooted\/professionaalidele\/new-age-g4-pro\/new-age-g4-nutritious-mousse-mask-75-ml\/"]}]},{"@type":"ImageObject","inLanguage":"ru-RU","@id":"https:\/\/test.gigi.ee\/koik-tooted\/professionaalidele\/new-age-g4-pro\/new-age-g4-nutritious-mousse-mask-75-ml\/#primaryimage","url":"https:\/\/test.gigi.ee\/wp-content\/uploads\/2023\/02\/NEW_AGE_G4_Nutritious_Mousse_Mask_75_ml.jpeg","contentUrl":"https:\/\/test.gigi.ee\/wp-content\/uploads\/2023\/02\/NEW_AGE_G4_Nutritious_Mousse_Mask_75_ml.jpeg","width":550,"height":550},{"@type":"BreadcrumbList","@id":"https:\/\/test.gigi.ee\/koik-tooted\/professionaalidele\/new-age-g4-pro\/new-age-g4-nutritious-mousse-mask-75-ml\/#breadcrumb","itemListElement":[{"@type":"ListItem","position":1,"name":"Home","item":"https:\/\/test.gigi.ee\/ru\/"},{"@type":"ListItem","position":2,"name":"\u0412\u0441\u044f \u043f\u0440\u043e\u0434\u0443\u043a\u0446\u0438\u044f","item":"https:\/\/test.gigi.ee\/ru\/koik-tooted\/"},{"@type":"ListItem","position":3,"name":"NEW AGE G4 NUTRITIOUS MOUSSE MASK 75 ml"}]},{"@type":"WebSite","@id":"https:\/\/test.gigi.ee\/#website","url":"https:\/\/test.gigi.ee\/","name":"Dolores GIGI","description":"GIGI tooted Eestis","publisher":{"@id":"https:\/\/test.gigi.ee\/#organization"},"potentialAction":[{"@type":"SearchAction","target":{"@type":"EntryPoint","urlTemplate":"https:\/\/test.gigi.ee\/?s={search_term_string}"},"query-input":{"@type":"PropertyValueSpecification","valueRequired":true,"valueName":"search_term_string"}}],"inLanguage":"ru-RU"},{"@type":"Organization","@id":"https:\/\/test.gigi.ee\/#organization","name":"Dolores O\u00dc","url":"https:\/\/test.gigi.ee\/","logo":{"@type":"ImageObject","inLanguage":"ru-RU","@id":"https:\/\/test.gigi.ee\/#\/schema\/logo\/image\/","url":"https:\/\/test.gigi.ee\/wp-content\/uploads\/2019\/12\/index-removebg-preview.png","contentUrl":"https:\/\/test.gigi.ee\/wp-content\/uploads\/2019\/12\/index-removebg-preview.png","width":225,"height":225,"caption":"Dolores O\u00dc"},"image":{"@id":"https:\/\/test.gigi.ee\/#\/schema\/logo\/image\/"},"sameAs":["https:\/\/www.facebook.com\/gigicosmeticeestis\/","https:\/\/www.instagram.com\/dolorescosmetics\/"]}]}},"_links":{"self":[{"href":"https:\/\/test.gigi.ee\/ru\/wp-json\/wp\/v2\/product\/8355","targetHints":{"allow":["GET"]}}],"collection":[{"href":"https:\/\/test.gigi.ee\/ru\/wp-json\/wp\/v2\/product"}],"about":[{"href":"https:\/\/test.gigi.ee\/ru\/wp-json\/wp\/v2\/types\/product"}],"wp:featuredmedia":[{"embeddable":true,"href":"https:\/\/test.gigi.ee\/ru\/wp-json\/wp\/v2\/media\/8356"}],"wp:attachment":[{"href":"https:\/\/test.gigi.ee\/ru\/wp-json\/wp\/v2\/media?parent=8355"}],"wp:term":[{"taxonomy":"product_cat","embeddable":true,"href":"https:\/\/test.gigi.ee\/ru\/wp-json\/wp\/v2\/product_cat?post=8355"},{"taxonomy":"product_tag","embeddable":true,"href":"https:\/\/test.gigi.ee\/ru\/wp-json\/wp\/v2\/product_tag?post=8355"}],"curies":[{"name":"wp","href":"https:\/\/api.w.org\/{rel}","templated":true}]}}